{"id":15,"date":"2024-12-17T15:28:58","date_gmt":"2024-12-17T15:28:58","guid":{"rendered":"https:\/\/tamaramatesanz.com\/?page_id=15"},"modified":"2025-01-05T19:20:31","modified_gmt":"2025-01-05T19:20:31","slug":"declaracion-de-accesibilidad","status":"publish","type":"page","link":"https:\/\/tamaramatesanz.com\/en\/declaracion-de-accesibilidad\/","title":{"rendered":"Declaraci\u00f3n de accesibilidad"},"content":{"rendered":"<div data-elementor-type=\"wp-page\" data-elementor-id=\"15\" class=\"elementor elementor-15\" data-elementor-post-type=\"page\">\n\t\t\t\t\t\t<section class=\"elementor-section elementor-top-section elementor-element elementor-element-667a81b4 elementor-section-boxed elementor-section-height-default elementor-section-height-default\" data-id=\"667a81b4\" data-element_type=\"section\" data-e-type=\"section\">\n\t\t\t\t\t\t<div class=\"elementor-container elementor-column-gap-default\">\n\t\t\t\t\t<div class=\"elementor-column elementor-col-100 elementor-top-column elementor-element elementor-element-20ef4d59\" data-id=\"20ef4d59\" data-element_type=\"column\" data-e-type=\"column\">\n\t\t\t<div class=\"elementor-widget-wrap elementor-element-populated\">\n\t\t\t\t\t\t<section class=\"elementor-section elementor-inner-section elementor-element elementor-element-76f61207 elementor-section-boxed elementor-section-height-default elementor-section-height-default\" data-id=\"76f61207\" data-element_type=\"section\" data-e-type=\"section\">\n\t\t\t\t\t\t<div class=\"elementor-container elementor-column-gap-default\">\n\t\t\t\t\t<div class=\"elementor-column elementor-col-100 elementor-inner-column elementor-element elementor-element-6a5c1e09\" data-id=\"6a5c1e09\" data-element_type=\"column\" data-e-type=\"column\">\n\t\t\t<div class=\"elementor-widget-wrap elementor-element-populated\">\n\t\t\t\t\t\t<div class=\"elementor-element elementor-element-28f8bc elementor-widget elementor-widget-heading\" data-id=\"28f8bc\" data-element_type=\"widget\" data-e-type=\"widget\" data-widget_type=\"heading.default\">\n\t\t\t\t<div class=\"elementor-widget-container\">\n\t\t\t\t\t<h1 class=\"elementor-heading-title elementor-size-default\">Declaraci\u00f3n de accesibilidad<\/h1>\t\t\t\t<\/div>\n\t\t\t\t<\/div>\n\t\t\t\t<div class=\"elementor-element elementor-element-9c29e95 elementor-widget elementor-widget-text-editor\" data-id=\"9c29e95\" data-element_type=\"widget\" data-e-type=\"widget\" data-widget_type=\"text-editor.default\">\n\t\t\t\t<div class=\"elementor-widget-container\">\n\t\t\t\t\t\t\t\t\t<p>*nombre-de-empresa se ha comprometido a hacer su sitio web, de conformidad con el Real Decreto 1112\/2018, de 7 de septiembre, sobre accesibilidad de los sitios web y aplicaciones para dispositivos m\u00f3viles del sector p\u00fablico.<br \/>Este sitio web est\u00e1 parcialmente conforme con el RD 1112\/2018 debido a las excepciones y a la falta de conformidad de los aspectos que se indican a continuaci\u00f3n.<br \/>Contenido no accesible<br \/>El contenido que se recoge a continuaci\u00f3n no es accesible por lo siguiente:<br \/>Falta de conformidad con el RD 1112\/2018:<br \/>En el portal pueden existir contenidos en otros idiomas en los que no est\u00e1 etiquetado correctamente el cambio de idioma<br \/>Existen v\u00eddeos sin subt\u00edtulos<br \/>Hay contenido textual sin un contraste suficiente<br \/>Se observa c\u00f3mo en algunos casos el foco no cumple con el m\u00ednimo ratio de contraste requerido<br \/>En alg\u00fan caso puede producirse solapamiento de contenido<br \/>Carga desproporcionada:<br \/>No aplica.<br \/>Preparaci\u00f3n de la presente declaraci\u00f3n de accesibilidad<br \/>La presente declaraci\u00f3n fue preparada el 24 de febrero de 2023.<br \/>El m\u00e9todo empleado para preparar la declaraci\u00f3n ha sido una autoevaluaci\u00f3n llevada a cabo por el propio organismo.<br \/>\u00daltima revisi\u00f3n de la declaraci\u00f3n:24 de febrero de 2023.<br \/>Observaciones y datos de contacto<br \/>Comunicaciones sobre requisitos de accesibilidad<br \/>Puede realizar comunicaciones sobre requisitos de accesibilidad (art\u00edculo 10.2.a del RD 1112\/2018) como, por ejemplo:<br \/>Informar sobre cualquier posible incumplimiento por parte de este sitio web.<br \/>Transmitir otras dificultades de acceso al contenido.<br \/>Formular cualquier otra consulta o sugerencia de mejora relativa a la accesibilidad del sitio web.<br \/>A trav\u00e9s de las siguientes v\u00edas:<br \/>Correo electr\u00f3nico: email-empresa<br \/>Tel\u00e9fono: tel\u00e9fono-empresa<br \/>Las comunicaciones ser\u00e1n recibidas y tratadas por la Unidad Responsable de Accesibilidad.<br \/>Solicitudes de informaci\u00f3n accesible y quejas<br \/>A trav\u00e9s de nuestros datos de contacto puede presentar quejas de:<br \/>una Queja relativa al cumplimiento de los requisitos del RD 1112\/2018 o<br \/>una Solicitud de Informaci\u00f3n accesible relativa a:<br \/>contenidos que est\u00e1n excluidos del \u00e1mbito de aplicaci\u00f3n del RD 1112\/2018 seg\u00fan lo establecido por el art\u00edculo 3, apartado 4<br \/>contenidos que est\u00e1n exentos del cumplimiento de los requisitos de accesibilidad por imponer una carga desproporcionada.<br \/>En la Solicitud de informaci\u00f3n accesible, se debe concretar, con toda claridad, los hechos, razones y petici\u00f3n que permitan constatar que se trata de una solicitud razonable y leg\u00edtima.<br \/>Procedimiento de aplicaci\u00f3n<br \/>Si una vez realizada una solicitud de informaci\u00f3n accesible o queja, esta hubiera sido desestimada, no se estuviera de acuerdo con la decisi\u00f3n adoptada, o la respuesta no cumpliera los requisitos contemplados en el art\u00edculo 12.5 del RD 1112\/2018, la persona interesada podr\u00e1 iniciar una reclamaci\u00f3n. Igualmente se podr\u00e1 iniciar una reclamaci\u00f3n en el caso de no haber obtenido respuesta.<br \/>Enlace al procedimiento de reclamaci\u00f3n , que debe dirigir a la Unidad responsable de accesibilidad de este Ministerio, o si la reclamaci\u00f3n es por una actuaci\u00f3n de dicha Unidad, al superior jer\u00e1rquico de \u00e9sta.<br \/>Contenido opcional<br \/>La versi\u00f3n actualmente visible de este sitio web es de febrero de 2023 y en esa fecha se hizo la revisi\u00f3n del nivel de accesibilidad vigente en aquel momento.<br \/>Se ha dise\u00f1ado adapt\u00e1ndose a los est\u00e1ndares y normativas vigentes con relaci\u00f3n a la accesibilidad, cumpliendo con los puntos de verificaci\u00f3n de prioridad 2 (AA) definidos en la especificaci\u00f3n de Pautas de Accesibilidad al Contenido en la Web (WCAG 2.1).<br \/>Est\u00e1 optimizado para las \u00faltimas versiones vigentes de Chrome, Edge, Firefox, Safari y Opera.<br \/>Est\u00e1 dise\u00f1ado para su correcta visualizaci\u00f3n en cualquier resoluci\u00f3n y dispositivo de escritorio, tabletas o m\u00f3viles (dise\u00f1o responsive).<br \/>Utilizaci\u00f3n de texto alternativo en las im\u00e1genes.<br \/>Los enlaces ofrecen detalles de la funci\u00f3n o destino del hiperv\u00ednculo.<br \/>Se ha realizado utilizando HTML5 como lenguaje de marcado y hojas de estilo CSS 3 para su dise\u00f1o.<\/p>\t\t\t\t\t\t\t\t<\/div>\n\t\t\t\t<\/div>\n\t\t\t\t\t<\/div>\n\t\t<\/div>\n\t\t\t\t\t<\/div>\n\t\t<\/section>\n\t\t\t\t<section class=\"elementor-section elementor-inner-section elementor-element elementor-element-54f92fea elementor-section-boxed elementor-section-height-default elementor-section-height-default\" data-id=\"54f92fea\" data-element_type=\"section\" data-e-type=\"section\">\n\t\t\t\t\t\t<div class=\"elementor-container elementor-column-gap-default\">\n\t\t\t\t\t<div class=\"elementor-column elementor-col-33 elementor-inner-column elementor-element elementor-element-4ae5a475\" data-id=\"4ae5a475\" data-element_type=\"column\" data-e-type=\"column\">\n\t\t\t<div class=\"elementor-widget-wrap\">\n\t\t\t\t\t\t\t<\/div>\n\t\t<\/div>\n\t\t\t\t<div class=\"elementor-column elementor-col-33 elementor-inner-column elementor-element elementor-element-532a10b5\" data-id=\"532a10b5\" data-element_type=\"column\" data-e-type=\"column\">\n\t\t\t<div class=\"elementor-widget-wrap elementor-element-populated\">\n\t\t\t\t\t\t<div class=\"elementor-element elementor-element-325221d elementor-widget elementor-widget-spacer\" data-id=\"325221d\" data-element_type=\"widget\" data-e-type=\"widget\" data-widget_type=\"spacer.default\">\n\t\t\t\t<div class=\"elementor-widget-container\">\n\t\t\t\t\t\t\t<div class=\"elementor-spacer\">\n\t\t\t<div class=\"elementor-spacer-inner\"><\/div>\n\t\t<\/div>\n\t\t\t\t\t\t<\/div>\n\t\t\t\t<\/div>\n\t\t\t\t\t<\/div>\n\t\t<\/div>\n\t\t\t\t<div class=\"elementor-column elementor-col-33 elementor-inner-column elementor-element elementor-element-42fb1432\" data-id=\"42fb1432\" data-element_type=\"column\" data-e-type=\"column\">\n\t\t\t<div class=\"elementor-widget-wrap\">\n\t\t\t\t\t\t\t<\/div>\n\t\t<\/div>\n\t\t\t\t\t<\/div>\n\t\t<\/section>\n\t\t\t\t\t<\/div>\n\t\t<\/div>\n\t\t\t\t\t<\/div>\n\t\t<\/section>\n\t\t\t\t<\/div>","protected":false},"excerpt":{"rendered":"<p>*nombre-de-empresa se ha comprometido a hacer su sitio web, de conformidad con el Real Decreto 1112\/2018, de 7 de septiembre, sobre accesibilidad de los sitios web y aplicaciones para dispositivos m\u00f3viles del sector p\u00fablico.Este sitio web est\u00e1 parcialmente conforme con el RD 1112\/2018 debido a las excepciones y a la falta de conformidad de los [&hellip;]<\/p>","protected":false},"author":1,"featured_media":0,"parent":0,"menu_order":0,"comment_status":"closed","ping_status":"closed","template":"","meta":{"footnotes":""},"class_list":["post-15","page","type-page","status-publish","hentry"],"yoast_head":"<!-- This site is optimized with the Yoast SEO plugin v27.4 - https:\/\/yoast.com\/product\/yoast-seo-wordpress\/ -->\n<title>Declaraci\u00f3n de accesibilidad - Tamara Matesanz Asensio<\/title>\n<meta name=\"robots\" content=\"index, follow, max-snippet:-1, max-image-preview:large, max-video-preview:-1\" \/>\n<link rel=\"canonical\" href=\"https:\/\/tamaramatesanz.com\/en\/declaracion-de-accesibilidad\/\" \/>\n<meta property=\"og:locale\" content=\"en_GB\" \/>\n<meta property=\"og:type\" content=\"article\" \/>\n<meta property=\"og:title\" content=\"Declaraci\u00f3n de accesibilidad - Tamara Matesanz Asensio\" \/>\n<meta property=\"og:description\" content=\"*nombre-de-empresa se ha comprometido a hacer su sitio web, de conformidad con el Real Decreto 1112\/2018, de 7 de septiembre, sobre accesibilidad de los sitios web y aplicaciones para dispositivos m\u00f3viles del sector p\u00fablico.Este sitio web est\u00e1 parcialmente conforme con el RD 1112\/2018 debido a las excepciones y a la falta de conformidad de los [&hellip;]\" \/>\n<meta property=\"og:url\" content=\"https:\/\/tamaramatesanz.com\/en\/declaracion-de-accesibilidad\/\" \/>\n<meta property=\"og:site_name\" content=\"Tamara Matesanz Asensio\" \/>\n<meta property=\"article:modified_time\" content=\"2025-01-05T19:20:31+00:00\" \/>\n<meta name=\"twitter:card\" content=\"summary_large_image\" \/>\n<meta name=\"twitter:label1\" content=\"Estimated reading time\" \/>\n\t<meta name=\"twitter:data1\" content=\"3 minutes\" \/>\n<script type=\"application\/ld+json\" class=\"yoast-schema-graph\">{\"@context\":\"https:\\\/\\\/schema.org\",\"@graph\":[{\"@type\":\"WebPage\",\"@id\":\"https:\\\/\\\/tamaramatesanz.com\\\/declaracion-de-accesibilidad\\\/\",\"url\":\"https:\\\/\\\/tamaramatesanz.com\\\/declaracion-de-accesibilidad\\\/\",\"name\":\"Declaraci\u00f3n de accesibilidad - Tamara Matesanz Asensio\",\"isPartOf\":{\"@id\":\"https:\\\/\\\/tamaramatesanz.com\\\/#website\"},\"datePublished\":\"2024-12-17T15:28:58+00:00\",\"dateModified\":\"2025-01-05T19:20:31+00:00\",\"breadcrumb\":{\"@id\":\"https:\\\/\\\/tamaramatesanz.com\\\/declaracion-de-accesibilidad\\\/#breadcrumb\"},\"inLanguage\":\"en-GB\",\"potentialAction\":[{\"@type\":\"ReadAction\",\"target\":[\"https:\\\/\\\/tamaramatesanz.com\\\/declaracion-de-accesibilidad\\\/\"]}]},{\"@type\":\"BreadcrumbList\",\"@id\":\"https:\\\/\\\/tamaramatesanz.com\\\/declaracion-de-accesibilidad\\\/#breadcrumb\",\"itemListElement\":[{\"@type\":\"ListItem\",\"position\":1,\"name\":\"Home\",\"item\":\"https:\\\/\\\/tamaramatesanz.com\\\/\"},{\"@type\":\"ListItem\",\"position\":2,\"name\":\"Declaraci\u00f3n de accesibilidad\"}]},{\"@type\":\"WebSite\",\"@id\":\"https:\\\/\\\/tamaramatesanz.com\\\/#website\",\"url\":\"https:\\\/\\\/tamaramatesanz.com\\\/\",\"name\":\"Tamara Matesanz Asensio\",\"description\":\"\",\"potentialAction\":[{\"@type\":\"SearchAction\",\"target\":{\"@type\":\"EntryPoint\",\"urlTemplate\":\"https:\\\/\\\/tamaramatesanz.com\\\/?s={search_term_string}\"},\"query-input\":{\"@type\":\"PropertyValueSpecification\",\"valueRequired\":true,\"valueName\":\"search_term_string\"}}],\"inLanguage\":\"en-GB\"}]}<\/script>\n<!-- \/ Yoast SEO plugin. -->","yoast_head_json":{"title":"Declaraci\u00f3n de accesibilidad - Tamara Matesanz Asensio","robots":{"index":"index","follow":"follow","max-snippet":"max-snippet:-1","max-image-preview":"max-image-preview:large","max-video-preview":"max-video-preview:-1"},"canonical":"https:\/\/tamaramatesanz.com\/en\/declaracion-de-accesibilidad\/","og_locale":"en_GB","og_type":"article","og_title":"Declaraci\u00f3n de accesibilidad - Tamara Matesanz Asensio","og_description":"*nombre-de-empresa se ha comprometido a hacer su sitio web, de conformidad con el Real Decreto 1112\/2018, de 7 de septiembre, sobre accesibilidad de los sitios web y aplicaciones para dispositivos m\u00f3viles del sector p\u00fablico.Este sitio web est\u00e1 parcialmente conforme con el RD 1112\/2018 debido a las excepciones y a la falta de conformidad de los [&hellip;]","og_url":"https:\/\/tamaramatesanz.com\/en\/declaracion-de-accesibilidad\/","og_site_name":"Tamara Matesanz Asensio","article_modified_time":"2025-01-05T19:20:31+00:00","twitter_card":"summary_large_image","twitter_misc":{"Estimated reading time":"3 minutes"},"schema":{"@context":"https:\/\/schema.org","@graph":[{"@type":"WebPage","@id":"https:\/\/tamaramatesanz.com\/declaracion-de-accesibilidad\/","url":"https:\/\/tamaramatesanz.com\/declaracion-de-accesibilidad\/","name":"Declaraci\u00f3n de accesibilidad - Tamara Matesanz Asensio","isPartOf":{"@id":"https:\/\/tamaramatesanz.com\/#website"},"datePublished":"2024-12-17T15:28:58+00:00","dateModified":"2025-01-05T19:20:31+00:00","breadcrumb":{"@id":"https:\/\/tamaramatesanz.com\/declaracion-de-accesibilidad\/#breadcrumb"},"inLanguage":"en-GB","potentialAction":[{"@type":"ReadAction","target":["https:\/\/tamaramatesanz.com\/declaracion-de-accesibilidad\/"]}]},{"@type":"BreadcrumbList","@id":"https:\/\/tamaramatesanz.com\/declaracion-de-accesibilidad\/#breadcrumb","itemListElement":[{"@type":"ListItem","position":1,"name":"Home","item":"https:\/\/tamaramatesanz.com\/"},{"@type":"ListItem","position":2,"name":"Declaraci\u00f3n de accesibilidad"}]},{"@type":"WebSite","@id":"https:\/\/tamaramatesanz.com\/#website","url":"https:\/\/tamaramatesanz.com\/","name":"Tamara Matesanz Asensio","description":"","potentialAction":[{"@type":"SearchAction","target":{"@type":"EntryPoint","urlTemplate":"https:\/\/tamaramatesanz.com\/?s={search_term_string}"},"query-input":{"@type":"PropertyValueSpecification","valueRequired":true,"valueName":"search_term_string"}}],"inLanguage":"en-GB"}]}},"_links":{"self":[{"href":"https:\/\/tamaramatesanz.com\/en\/wp-json\/wp\/v2\/pages\/15","targetHints":{"allow":["GET"]}}],"collection":[{"href":"https:\/\/tamaramatesanz.com\/en\/wp-json\/wp\/v2\/pages"}],"about":[{"href":"https:\/\/tamaramatesanz.com\/en\/wp-json\/wp\/v2\/types\/page"}],"author":[{"embeddable":true,"href":"https:\/\/tamaramatesanz.com\/en\/wp-json\/wp\/v2\/users\/1"}],"replies":[{"embeddable":true,"href":"https:\/\/tamaramatesanz.com\/en\/wp-json\/wp\/v2\/comments?post=15"}],"version-history":[{"count":5,"href":"https:\/\/tamaramatesanz.com\/en\/wp-json\/wp\/v2\/pages\/15\/revisions"}],"predecessor-version":[{"id":237,"href":"https:\/\/tamaramatesanz.com\/en\/wp-json\/wp\/v2\/pages\/15\/revisions\/237"}],"wp:attachment":[{"href":"https:\/\/tamaramatesanz.com\/en\/wp-json\/wp\/v2\/media?parent=15"}],"curies":[{"name":"wp","href":"https:\/\/api.w.org\/{rel}","templated":true}]}}